{"id":165,"date":"2021-10-04T12:08:42","date_gmt":"2021-10-04T10:08:42","guid":{"rendered":"http:\/\/yshhoiy.cluster031.hosting.ovh.net\/?page_id=165"},"modified":"2023-11-30T18:16:33","modified_gmt":"2023-11-30T17:16:33","slug":"massage-equilibre","status":"publish","type":"page","link":"https:\/\/www.lmassage.fr\/index.php\/accueil\/massage-equilibre\/","title":{"rendered":"Massage Equilibre"},"content":{"rendered":"\n<h2 class=\"wp-block-heading has-large-font-size\" style=\"line-height:0.5\"><strong><em>SHIROTCHAMPI, <\/em><\/strong><\/h2>\n\n\n\n<div class=\"wp-block-group\"><div class=\"wp-block-group__inner-container is-layout-flow wp-block-group-is-layout-flow\"><div class=\"wp-block-image is-style-rounded\">\n<figure class=\"alignleft size-full\"><img loading=\"lazy\" decoding=\"async\" width=\"500\" height=\"334\" src=\"https:\/\/www.lmassage.fr\/wp-content\/uploads\/2022\/01\/californien.png\" alt=\"\" class=\"wp-image-289\" srcset=\"https:\/\/www.lmassage.fr\/wp-content\/uploads\/2022\/01\/californien.png 500w, https:\/\/www.lmassage.fr\/wp-content\/uploads\/2022\/01\/californien-300x200.png 300w\" sizes=\"auto, (max-width: 500px) 100vw, 500px\" \/><\/figure>\n<\/div><\/div><\/div>\n\n\n\n<p><strong><em>Protocole de massage Indien<\/em><\/strong><\/p>\n\n\n\n<p><em>Le Shirotchampi vient de \u00ab shirot \u00bb signifiant t\u00eate et \u00ab champi \u00bb signifiant massage, c&rsquo;est l&rsquo;origine du mot shampoing !<\/em><\/p>\n\n\n<div class=\"wp-block-image is-style-default\">\n<figure class=\"alignright size-full is-resized\"><img loading=\"lazy\" decoding=\"async\" width=\"300\" height=\"450\" src=\"https:\/\/www.lmassage.fr\/wp-content\/uploads\/2022\/02\/Cristelle-e1645990763429.png\" alt=\"\" class=\"wp-image-362\" style=\"width:119px;height:178px\"\/><figcaption class=\"wp-element-caption\">Le Shirotchampi<\/figcaption><\/figure>\n<\/div>\n\n\n<p class=\"has-text-align-left\"><br><\/p>\n\n\n\n<p><\/p>\n\n\n\n<p class=\"has-text-align-left\">Le Shirotchampi est un massage de la t\u00eate, des \u00e9paules et du cou.<br>Il est adapt\u00e9 \u00e0 chaque sensibilit\u00e9, quelques gouttes d\u2019huiles peuvent \u00eatre utilis\u00e9es occasionnellement, suivant vos envies du moment.<\/p>\n\n\n\n<p><strong><em>Particularit\u00e9s:<\/em><\/strong><\/p>\n\n\n\n<p>Le massage Shirotchampi permet de retrouver une grande clart\u00e9 d&rsquo;esprit, d&rsquo;\u00eatre serein. En lib\u00e9rant le mental, il r\u00e9\u00e9quilibre les h\u00e9misph\u00e8re gauche et droite du cerveau, et aide ainsi \u00e0 \u00eatre efficace. Il est id\u00e9al avant un rendez-vous important ou lors de la pr\u00e9paration d&rsquo;examen, ayant ainsi toutes nos capacit\u00e9s au maximum de leurs comp\u00e9tences.<\/p>\n\n\n\n<p><em><strong>Sp\u00e9cificit\u00e9s :<\/strong><\/em><\/p>\n\n\n\n<p>Le massage Shirotchampi est pratiqu\u00e9 en deux temps.<br>Un premier temps, le mass\u00e9 est confortablement install\u00e9 sur une chaise.<br>La praticienne en massage bien-\u00eatre commence alors le massage sur le mass\u00e9.<br>Un second temps, o\u00f9 le massage continuant, le mass\u00e9 s\u2019allonge sur une table de<br>massage, pour acc\u00e9der \u00e0 une d\u00e9tente profonde et enivrante.<\/p>\n\n\n\n<p><br>Deux choix s\u2019offrent \u00e0 vous :<br>\u2713 Le Massage Shirotchampi habill\u00e9, c\u2019est-\u00e0-dire par-dessus les v\u00eatements.<br>\u2713 Le Massage Shirotchampi Indien, pratiqu\u00e9 sur un corps o\u00f9 seulement<br>le haut du dos et les \u00e9paules sont d\u00e9nud\u00e9s.<br>L\u2019intimit\u00e9 de la personne est pr\u00e9serv\u00e9e par une serviette ou un plaid adapt\u00e9.<\/p>\n\n\n\n<p><strong><em>Dur\u00e9e :<\/em><\/strong> 30mn, 45mn ou 1 heure<\/p>\n\n\n\n<p><strong><em>Bienfaits:<\/em><\/strong><\/p>\n\n\n\n<ul class=\"wp-block-list\">\n<li>Favorise la repousse des cheveux<\/li>\n\n\n\n<li>R\u00e9duit la fatigue oculaire <\/li>\n\n\n\n<li>Am\u00e9liore la qualit\u00e9 du sommeil<\/li>\n\n\n\n<li>Stimule la circulation sanguine et lymphatique <\/li>\n\n\n\n<li>Soulage la fatigue mentale<\/li>\n\n\n\n<li>Calme l\u2019anxi\u00e9t\u00e9, le stress et la fatigue nerveuse<\/li>\n\n\n\n<li>Diminue les migraines et les maux de t\u00eate<\/li>\n\n\n\n<li>Clarifie les id\u00e9es<\/li>\n\n\n\n<li>Augmente le niveau de concentration<\/li>\n<\/ul>\n\n\n\n<h2 class=\"wp-block-heading has-large-font-size\" id=\"californien\" style=\"line-height:0.5\"><strong><em>SHIATSU, <\/em><\/strong><\/h2>\n\n\n\n<div class=\"wp-block-group\"><div class=\"wp-block-group__inner-container is-layout-flow wp-block-group-is-layout-flow\">\n<p><strong><em>Protocole de soin Japonais selon la m\u00e9thode Masunaga<\/em><\/strong><\/p>\n<\/div><\/div>\n\n\n\n<p>Le Shiatsu est officiellement d\u00e9fini par le minist\u00e8re japonais de la<br>sant\u00e9 comme une forme de manipulation exerc\u00e9e \u00e0 l&rsquo;aide des<br>pouces, des doigts et des paumes.<br>Le Shiatsu est un art japonais \u00e9nerg\u00e9tique s\u2019inscrivant en tout<br>premier lieu dans le domaine de la pr\u00e9vention, et qui a pour fondement, la M\u00e9decine Traditionnelle Chinoise.<br>Il am\u00e8ne \u00e0 l\u2019harmonie du corps et de l\u2019esprit. <\/p>\n\n\n\n<p><strong><em>Particularit\u00e9s:<\/em><\/strong><\/p>\n\n\n\n<p>L\u2019art du Shiatsu se r\u00e9alise sans huile. La personne est v\u00eatue de mani\u00e8re confortable.<br>Elle est bien s\u00fbr couverte pour une agr\u00e9able d\u00e9tente.<br>Il contribue au maintien de l\u2019\u00e9quilibre \u00e9nerg\u00e9tique, garant d\u2019une bonne sant\u00e9.<\/p>\n\n\n\n<p><em><strong>Sp\u00e9cificit\u00e9s :<\/strong><\/em><\/p>\n\n\n\n<p>La technique de Masunaga repose sur l\u2019utilisation conjointe des deux mains \u00e0 des<br>fins de tonification et de dispersion. Le manque d\u2019\u00e9nergie ou le trop plein d\u2019\u00e9nergie<br>retrouve \u00e0 nouveau son \u00e9quilibre.<br>Les points de stress les plus profonds sont d\u00e9bloqu\u00e9s afin de restaurer la libre<br>circulation de l\u2019\u00e9nergie dans tout le corps.<br>Les effets sont imm\u00e9diats : d\u00e9tente, relaxation et bien-\u00eatre.<br>Et ses bienfaits se font ressentir pendant plusieurs jours apr\u00e8s une s\u00e9ance.<br>La d\u00e9tente profonde qu\u2019il procure permet d\u2019aborder plus sereinement les moments<br>difficiles de la vie (examens, concert, coups de blues\u2026).<\/p>\n\n\n\n<p><strong><em>Dur\u00e9e :<\/em><\/strong> de 1 Heure \u00e0 1 Heure 30 mn<\/p>\n\n\n\n<p><strong><em>Bienfaits:<\/em><\/strong><\/p>\n\n\n<div class=\"wp-block-image is-style-rounded\">\n<figure class=\"alignright size-large is-resized\"><img loading=\"lazy\" decoding=\"async\" width=\"1024\" height=\"680\" src=\"https:\/\/www.lmassage.fr\/wp-content\/uploads\/2022\/02\/pexels-pixabay-161477-1024x680.jpg\" alt=\"\" class=\"wp-image-409\" style=\"width:-9px;height:-6px\" srcset=\"https:\/\/www.lmassage.fr\/wp-content\/uploads\/2022\/02\/pexels-pixabay-161477-1024x680.jpg 1024w, https:\/\/www.lmassage.fr\/wp-content\/uploads\/2022\/02\/pexels-pixabay-161477-300x199.jpg 300w, https:\/\/www.lmassage.fr\/wp-content\/uploads\/2022\/02\/pexels-pixabay-161477-768x510.jpg 768w, https:\/\/www.lmassage.fr\/wp-content\/uploads\/2022\/02\/pexels-pixabay-161477-1536x1020.jpg 1536w, https:\/\/www.lmassage.fr\/wp-content\/uploads\/2022\/02\/pexels-pixabay-161477-2048x1360.jpg 2048w\" sizes=\"auto, (max-width: 767px) 89vw, (max-width: 1000px) 54vw, (max-width: 1071px) 543px, 580px\" \/><figcaption class=\"wp-element-caption\">Le Shiatsu<\/figcaption><\/figure>\n<\/div>\n\n\n<ul class=\"wp-block-list\">\n<li><strong><em>Sur le plan physique :<\/em><\/strong><\/li>\n\n\n\n<li>Restaure la vitalit\u00e9 de l\u2019organisme<\/li>\n\n\n\n<li>Apporte calme et d\u00e9tente<\/li>\n\n\n\n<li>Restaure le sommeil<\/li>\n\n\n\n<li>Elimine le stress et les tensions<\/li>\n\n\n\n<li>Soulage les douleurs physiques<\/li>\n\n\n\n<li>Accro\u00eet la souplesse corporelle<\/li>\n\n\n\n<li>Augmente la mobilit\u00e9 articulaire<\/li>\n\n\n\n<li>Renforce le syst\u00e8me d\u2019auto-d\u00e9fense de l\u2019organisme.<\/li>\n<\/ul>\n\n\n\n<ul class=\"wp-block-list\">\n<li><strong><em>Sur le plan psychique :<\/em><\/strong><\/li>\n\n\n\n<li>Apporte qui\u00e9tude et bien-\u00eatre<\/li>\n\n\n\n<li>D\u00e9veloppe une meilleure concentration<\/li>\n\n\n\n<li>Optimise la gestion des \u00e9motions pour faciliter les rapports avec les autres<\/li>\n<\/ul>\n\n\n\n<h2 class=\"wp-block-heading has-large-font-size\" style=\"line-height:0.5\"><strong><em>NUAD BO RARN ou<\/em><\/strong> <strong><em>THA\u00cf AU SOL, <\/em><\/strong><\/h2>\n\n\n\n<p><strong><em>Protocole de massage<\/em><\/strong> <em><strong>traditionnel <\/strong><\/em><strong> <em>Tha\u00eflandais<\/em><\/strong><\/p>\n\n\n\n<p class=\"has-text-align-center\"><strong>\u00ab Nuad \u00bb exprime le Massage, et \u00ab Bo Rarn \u00bb, la tradition<\/strong>,<\/p>\n\n\n\n<div class=\"wp-block-group\"><div class=\"wp-block-group__inner-container is-layout-flow wp-block-group-is-layout-flow\"><div class=\"wp-block-image is-style-rounded\">\n<figure class=\"aligncenter size-full\"><img loading=\"lazy\" decoding=\"async\" width=\"500\" height=\"333\" src=\"https:\/\/www.lmassage.fr\/wp-content\/uploads\/2022\/01\/shiatsu2.png\" alt=\"\" class=\"wp-image-338\" srcset=\"https:\/\/www.lmassage.fr\/wp-content\/uploads\/2022\/01\/shiatsu2.png 500w, https:\/\/www.lmassage.fr\/wp-content\/uploads\/2022\/01\/shiatsu2-300x200.png 300w\" sizes=\"auto, (max-width: 500px) 100vw, 500px\" \/><figcaption class=\"wp-element-caption\">Le Tha\u00ef au sol<\/figcaption><\/figure>\n<\/div>\n\n\n<p class=\"has-text-align-center has-medium-font-size\"><strong>Source de Long\u00e9vit\u00e9<\/strong><\/p>\n<\/div><\/div>\n\n\n\n<p><strong><em>Particularit\u00e9s:<\/em><\/strong><\/p>\n\n\n\n<p>Le massage traditionnel Tha\u00ef se pratique au sol, sur un futon ou tapis de massage.<br>Le mass\u00e9 est v\u00eatu de v\u00eatements souples et confortables, procurant une sensation de chaleur, de bien-\u00eatre physique et un confort psychologique par son r\u00f4le protecteur. <\/p>\n\n\n\n<p>C\u2019est donc un massage sans huile.<br>Calmant ou dynamisant, il engendre toujours une sensation agr\u00e9able de s\u00e9r\u00e9nit\u00e9.<\/p>\n\n\n\n<p><\/p>\n\n\n\n<p><em><strong>Sp\u00e9cificit\u00e9s :<\/strong><\/em><\/p>\n\n\n\n<p>Le praticien en massage bien-\u00eatre travaille sur le corps du receveur dans une suite<br>de position de yoga (exercices d\u2019\u00e9tirements) avec une profondeur appropri\u00e9e \u00e0<br>chaque individu. Il est d\u2019ailleurs appel\u00e9 \u00ab yoga des paresseux ou passif \u00bb.<br>C\u2019est une m\u00e9ditation en mouvement dans lequel le praticien utilise ses paumes,<br>pouces, avant-bras, coudes, genoux et pieds, en utilisant le poids de son corps et sa<br>force musculaire.<br>L\u2019essentiel de cet art est cependant concentr\u00e9 dans l\u2019utilisation de diff\u00e9rentes<br>pressions, notamment avec les paumes de mains sur les zones larges, et les pouces<br>sur des points r\u00e9flexes pour lib\u00e9rer l\u2019\u00e9nergie.<\/p>\n\n\n\n<p><strong><em>Dur\u00e9e :<\/em><\/strong> de 1 heure 30 \u00e0 2 heures<\/p>\n\n\n\n<p><strong><em>Bienfaits:<\/em><\/strong><\/p>\n\n\n\n<ul class=\"wp-block-list\">\n<li>Am\u00e9lioration de la circulation sanguine<\/li>\n\n\n\n<li>Meilleure oxyg\u00e9nation des tissus et cellules<\/li>\n\n\n\n<li>Amplitude de mouvement am\u00e9lior\u00e9 gr\u00e2ce \u00e0 des articulations assouplies<\/li>\n\n\n\n<li>Drainage des toxines<\/li>\n\n\n\n<li>Digestion stimul\u00e9e, \u00e9limination des ballonnements et autres troubles digestif<\/li>\n\n\n\n<li>R\u00e9gularisation du sommeil, profond et r\u00e9parateur<\/li>\n\n\n\n<li>Harmonisation globale du corps<\/li>\n\n\n\n<li>Stimulation \u00e9nerg\u00e9tique<\/li>\n<\/ul>\n","protected":false},"excerpt":{"rendered":"<p>SHIROTCHAMPI, Protocole de massage Indien Le Shirotchampi vient de \u00ab shirot \u00bb signifiant t\u00eate et \u00ab champi \u00bb signifiant massage, c&rsquo;est l&rsquo;origine du mot shampoing ! Le Shirotchampi est un massage de la t\u00eate, des \u00e9paules et du cou.Il est adapt\u00e9 \u00e0 chaque sensibilit\u00e9, quelques gouttes d\u2019huiles peuvent \u00eatre utilis\u00e9es occasionnellement, suivant vos envies du &hellip; <\/p>\n<p class=\"link-more\"><a href=\"https:\/\/www.lmassage.fr\/index.php\/accueil\/massage-equilibre\/\" class=\"more-link\">Continuer la lecture<span class=\"screen-reader-text\"> de &laquo;&nbsp;Massage Equilibre&nbsp;&raquo;<\/span><\/a><\/p>\n","protected":false},"author":1,"featured_media":0,"parent":69,"menu_order":0,"comment_status":"closed","ping_status":"closed","template":"","meta":{"footnotes":""},"class_list":["post-165","page","type-page","status-publish","hentry"],"_links":{"self":[{"href":"https:\/\/www.lmassage.fr\/index.php\/wp-json\/wp\/v2\/pages\/165","targetHints":{"allow":["GET"]}}],"collection":[{"href":"https:\/\/www.lmassage.fr\/index.php\/wp-json\/wp\/v2\/pages"}],"about":[{"href":"https:\/\/www.lmassage.fr\/index.php\/wp-json\/wp\/v2\/types\/page"}],"author":[{"embeddable":true,"href":"https:\/\/www.lmassage.fr\/index.php\/wp-json\/wp\/v2\/users\/1"}],"replies":[{"embeddable":true,"href":"https:\/\/www.lmassage.fr\/index.php\/wp-json\/wp\/v2\/comments?post=165"}],"version-history":[{"count":20,"href":"https:\/\/www.lmassage.fr\/index.php\/wp-json\/wp\/v2\/pages\/165\/revisions"}],"predecessor-version":[{"id":919,"href":"https:\/\/www.lmassage.fr\/index.php\/wp-json\/wp\/v2\/pages\/165\/revisions\/919"}],"up":[{"embeddable":true,"href":"https:\/\/www.lmassage.fr\/index.php\/wp-json\/wp\/v2\/pages\/69"}],"wp:attachment":[{"href":"https:\/\/www.lmassage.fr\/index.php\/wp-json\/wp\/v2\/media?parent=165"}],"curies":[{"name":"wp","href":"https:\/\/api.w.org\/{rel}","templated":true}]}}