{"id":78,"date":"2021-09-23T17:34:27","date_gmt":"2021-09-23T15:34:27","guid":{"rendered":"http:\/\/yshhoiy.cluster031.hosting.ovh.net\/?page_id=78"},"modified":"2023-02-02T07:06:46","modified_gmt":"2023-02-02T06:06:46","slug":"prestations","status":"publish","type":"page","link":"https:\/\/www.lmassage.fr\/index.php\/prestations\/prestations\/","title":{"rendered":"Massage Energie"},"content":{"rendered":"\n<h2 class=\"has-large-font-size wp-block-heading\" id=\"abhyanga\" style=\"line-height:0.5\"><strong><em>ABHYANGA, <\/em><\/strong><\/h2>\n\n\n<div class=\"wp-block-image is-style-default\">\n<figure class=\"alignleft size-full is-resized\"><img loading=\"lazy\" decoding=\"async\" src=\"https:\/\/www.lmassage.fr\/wp-content\/uploads\/2021\/10\/oursin-detoure-0.png\" alt=\"\" class=\"wp-image-264\" width=\"90\" height=\"105\"\/><\/figure>\n<\/div>\n\n\n<p><strong><em>Protocole de massage Ayurv\u00e9dique<\/em><\/strong><br>Massage de la t\u00eate aux pieds \u00e0 l\u2019huile chaude Particularit\u00e9s :<br>Le travail se fait en h\u00e9micorps, c\u2019est-\u00e0-dire que la partie gauche et droite du corps est mass\u00e9e chacune son tour, de mani\u00e8re parfaitement identique, pour r\u00e9tablir l\u2019\u00e9quilibre de votre \u00e9nergie vitale.<\/p>\n\n\n\n<p><em><strong>Sp\u00e9cificit\u00e9s :<\/strong><\/em><br>Le massage Abhyanga est \u00e0 la fois tonique et enveloppant.<br>Alternant des man\u0153uvres lentes et profondes et d\u2019autres plus rythm\u00e9es et superficielles, ce soin vous permet de vous sentir en harmonie.<br>Son but est d\u2019apaiser.<\/p>\n\n\n<div class=\"wp-block-image is-style-rounded\">\n<figure class=\"alignleft size-large\"><img loading=\"lazy\" decoding=\"async\" width=\"1024\" height=\"683\" src=\"https:\/\/www.lmassage.fr\/wp-content\/uploads\/2021\/09\/cropped-iStock-143568010-scaled-1-1024x683.jpg\" alt=\"\" class=\"wp-image-120\" srcset=\"https:\/\/www.lmassage.fr\/wp-content\/uploads\/2021\/09\/cropped-iStock-143568010-scaled-1-1024x683.jpg 1024w, https:\/\/www.lmassage.fr\/wp-content\/uploads\/2021\/09\/cropped-iStock-143568010-scaled-1-300x200.jpg 300w, https:\/\/www.lmassage.fr\/wp-content\/uploads\/2021\/09\/cropped-iStock-143568010-scaled-1-768x512.jpg 768w, https:\/\/www.lmassage.fr\/wp-content\/uploads\/2021\/09\/cropped-iStock-143568010-scaled-1-1536x1025.jpg 1536w, https:\/\/www.lmassage.fr\/wp-content\/uploads\/2021\/09\/cropped-iStock-143568010-scaled-1.jpg 2000w\" sizes=\"auto, (max-width: 767px) 89vw, (max-width: 1000px) 54vw, (max-width: 1071px) 543px, 580px\" \/><\/figure>\n<\/div>\n\n\n<div class=\"wp-block-group\"><div class=\"wp-block-group__inner-container is-layout-flow wp-block-group-is-layout-flow\"><\/div><\/div>\n\n\n\n<p><strong><em>Dur\u00e9e :<\/em><\/strong> de 1h \u00e0 1h30<\/p>\n\n\n\n<p><strong><em>Bienfaits:<\/em><\/strong><\/p>\n\n\n\n<figure class=\"wp-block-gallery alignright has-nested-images columns-default is-cropped wp-block-gallery-1 is-layout-flex wp-block-gallery-is-layout-flex\">\n<figure class=\"wp-block-image size-medium is-style-default\"><img loading=\"lazy\" decoding=\"async\" width=\"300\" height=\"200\" data-id=\"405\" src=\"https:\/\/www.lmassage.fr\/wp-content\/uploads\/2022\/02\/pexels-karolina-grabowska-4041392-300x200.jpg\" alt=\"\" class=\"wp-image-405\" srcset=\"https:\/\/www.lmassage.fr\/wp-content\/uploads\/2022\/02\/pexels-karolina-grabowska-4041392-300x200.jpg 300w, https:\/\/www.lmassage.fr\/wp-content\/uploads\/2022\/02\/pexels-karolina-grabowska-4041392-1024x683.jpg 1024w, https:\/\/www.lmassage.fr\/wp-content\/uploads\/2022\/02\/pexels-karolina-grabowska-4041392-768x512.jpg 768w, https:\/\/www.lmassage.fr\/wp-content\/uploads\/2022\/02\/pexels-karolina-grabowska-4041392-1536x1024.jpg 1536w, https:\/\/www.lmassage.fr\/wp-content\/uploads\/2022\/02\/pexels-karolina-grabowska-4041392-2048x1365.jpg 2048w\" sizes=\"auto, (max-width: 300px) 100vw, 300px\" \/><\/figure>\n<\/figure>\n\n\n\n<ul class=\"wp-block-list\">\n<li>Am\u00e9lioration de la circulation <\/li>\n\n\n\n<li>Tonification musculaire <\/li>\n\n\n\n<li>Assouplissement des articulations<\/li>\n\n\n\n<li>Eliminations des impuret\u00e9s du corps avec une action sur la peau <\/li>\n\n\n\n<li>Accroissement de l\u2019\u00e9nergie vitale tout au long de la journ\u00e9e Action sur le syst\u00e8me nerveux<\/li>\n\n\n\n<li>Sommeil de meilleure qualit\u00e9 et plus profond<\/li>\n<\/ul>\n\n\n\n<h2 class=\"has-large-font-size wp-block-heading\" id=\"urut-pijat-ou-balinais\" style=\"line-height:0.5\"><strong><em>URUT PIJAT ou BALINAIS<\/em><\/strong>,<\/h2>\n\n\n\n<figure class=\"wp-block-video aligncenter\"><video height=\"1080\" style=\"aspect-ratio: 1920 \/ 1080;\" width=\"1920\" controls src=\"https:\/\/www.lmassage.fr\/wp-content\/uploads\/2022\/01\/BALINAIS.mp4\"><\/video><\/figure>\n\n\n\n<p><strong><em>Protocole de massage de BALI,  l&rsquo;\u00eele des dieux en Indon\u00e9sie<\/em><\/strong>.<\/p>\n\n\n\n<p>Le massage balinais est une technique qui comprend des mouvements doux et relaxants,  des stimulations plus vigoureuses des points de pression. <\/p>\n\n\n\n<p>La praticienne commence \u00e0 masser et p\u00e9trir les jambes, puis le dos et les bras fermement pour finalement masser lentement le cuir chevelu.<\/p>\n\n\n\n<p><strong><em>Particularit\u00e9s :<\/em><\/strong><br>Massage des pieds \u00e0 la t\u00eate, dans un 1er temps sans huile, puis, reprenant les<br>m\u00eames man\u0153uvres, et en y ajoutant d\u2019autres, avec de l\u2019huile.<br>La pi\u00e8ce peut \u00eatre l\u00e9g\u00e8rement parfum\u00e9e aux huiles essentielles pour votre d\u00e9tente,<br>et selon votre confort.<\/p>\n\n\n\n<p><em><strong>Sp\u00e9cificit\u00e9s :<\/strong><\/em><br>A la fois dynamisant et relaxant, sa technicit\u00e9 permet de sculpter la silhouette et d\u2019entretenir une bonne condition physique.<br>C\u2019est un massage complet et tr\u00e8s vari\u00e9, \u00e9quilibre subtil entre tonicit\u00e9 et relaxation.<\/p>\n\n\n<div class=\"wp-block-image is-style-default\">\n<figure class=\"alignright size-full is-resized\"><img loading=\"lazy\" decoding=\"async\" src=\"http:\/\/yshhoiy.cluster031.hosting.ovh.net\/wp-content\/uploads\/2022\/01\/balinais3.png\" alt=\"\" class=\"wp-image-345\" width=\"226\" height=\"339\" srcset=\"https:\/\/www.lmassage.fr\/wp-content\/uploads\/2022\/01\/balinais3.png 500w, https:\/\/www.lmassage.fr\/wp-content\/uploads\/2022\/01\/balinais3-200x300.png 200w\" sizes=\"auto, (max-width: 226px) 100vw, 226px\" \/><\/figure>\n<\/div>\n\n\n<p><strong><em>Dur\u00e9e :<\/em><\/strong> de 1h \u00e0 1h30<\/p>\n\n\n\n<p><strong><em>Bienfaits:<\/em><\/strong><\/p>\n\n\n\n<ul class=\"wp-block-list\">\n<li>Favorise la circulation sanguine, la d\u00e9tente musculaire,<\/li>\n\n\n\n<li>Soulagement des douleurs lombaires<\/li>\n\n\n\n<li>Elimination des impuret\u00e9s du corps avec une action sur la peau<\/li>\n\n\n\n<li>Favorise la perte de poids par drainage<\/li>\n\n\n\n<li>Am\u00e9liore la circulation sanguine, l\u2019assouplissement des articulations<\/li>\n\n\n\n<li>Permet d\u2019\u00e9vacuer les tensions et la fatigue<\/li>\n<\/ul>\n\n\n\n<h2 class=\"has-large-font-size wp-block-heading\" id=\"nuad-naman-thai-a-l-huile\" style=\"line-height:0.5\"><strong><em>NUAD NAMAN<\/em><\/strong>, THA\u00cf \u00e0 l&rsquo;huile,<\/h2>\n\n\n\n<figure class=\"wp-block-video\"><video height=\"2160\" style=\"aspect-ratio: 4096 \/ 2160;\" width=\"4096\" controls src=\"https:\/\/www.lmassage.fr\/wp-content\/uploads\/2022\/01\/production-ID_3998278-THAI-A-lhuile-encore.mp4\"><\/video><\/figure>\n\n\n\n<p><strong><em>Protocole de massage Tha\u00ef <\/em><\/strong><br>Massage de la t\u00eate aux pieds avec de l\u2019huile essentielle \u00e0 l&rsquo;ar\u00f4me doux<\/p>\n\n\n\n<p><strong><em>Particularit\u00e9s :<\/em><\/strong><br>Le travail se fait par p\u00e9trissage, percussions, acupressions, mobilisations, \u00e9tirements sur l&rsquo;int\u00e9gralit\u00e9 du corps recouvert d&rsquo;une serviette.  Seule la partie mass\u00e9e est d\u00e9couverte, le dos puis les bras, les jambes puis les pieds.<\/p>\n\n\n\n<p><em><strong>Sp\u00e9cificit\u00e9s :<\/strong><\/em><br>Le Tha\u00ef \u00e0 l\u2019huile est un massage musculaire profond dont la technique est pr\u00e9cise. Les mouvements alternent entre lenteur, fluidit\u00e9 et profondeur.<\/p>\n\n\n\n<p><strong><em>Dur\u00e9e :<\/em><\/strong> de 1h \u00e0 1h30<\/p>\n\n\n<div class=\"wp-block-image is-style-rounded\">\n<figure class=\"aligncenter size-large\"><img loading=\"lazy\" decoding=\"async\" width=\"683\" height=\"1024\" src=\"https:\/\/www.lmassage.fr\/wp-content\/uploads\/2022\/07\/pexels-FOOT-THAI-1-683x1024.jpg\" alt=\"\" class=\"wp-image-439\" srcset=\"https:\/\/www.lmassage.fr\/wp-content\/uploads\/2022\/07\/pexels-FOOT-THAI-1-683x1024.jpg 683w, https:\/\/www.lmassage.fr\/wp-content\/uploads\/2022\/07\/pexels-FOOT-THAI-1-200x300.jpg 200w, https:\/\/www.lmassage.fr\/wp-content\/uploads\/2022\/07\/pexels-FOOT-THAI-1-768x1152.jpg 768w, https:\/\/www.lmassage.fr\/wp-content\/uploads\/2022\/07\/pexels-FOOT-THAI-1-1024x1536.jpg 1024w, https:\/\/www.lmassage.fr\/wp-content\/uploads\/2022\/07\/pexels-FOOT-THAI-1-1365x2048.jpg 1365w, https:\/\/www.lmassage.fr\/wp-content\/uploads\/2022\/07\/pexels-FOOT-THAI-1-scaled.jpg 1707w\" sizes=\"auto, (max-width: 683px) 100vw, 683px\" \/><figcaption class=\"wp-element-caption\">Le massage Tha\u00ef \u00e0 l&rsquo;huile<\/figcaption><\/figure>\n<\/div>\n\n\n<p><strong><em>Bienfaits:<\/em><\/strong><\/p>\n\n\n\n<ul class=\"wp-block-list\">\n<li>Apporte un grand bien-\u00eatre, une s\u00e9r\u00e9nit\u00e9 d\u2019esprit<\/li>\n\n\n\n<li>Equilibre le syst\u00e8me nerveux<\/li>\n\n\n\n<li>D\u00e9toxifie l\u2019organisme : \u00e9limine tensions, blocages et fatigue <\/li>\n\n\n\n<li>Renforce le syst\u00e8me immunitaire et le tonus musculaire<\/li>\n\n\n\n<li>Am\u00e9liore la circulation sanguine, l\u2019assouplissement des articulations<\/li>\n\n\n\n<li>Le sommeil est de meilleure qualit\u00e9<\/li>\n<\/ul>\n","protected":false},"excerpt":{"rendered":"<p>ABHYANGA, Protocole de massage Ayurv\u00e9diqueMassage de la t\u00eate aux pieds \u00e0 l\u2019huile chaude Particularit\u00e9s :Le travail se fait en h\u00e9micorps, c\u2019est-\u00e0-dire que la partie gauche et droite du corps est mass\u00e9e chacune son tour, de mani\u00e8re parfaitement identique, pour r\u00e9tablir l\u2019\u00e9quilibre de votre \u00e9nergie vitale. Sp\u00e9cificit\u00e9s :Le massage Abhyanga est \u00e0 la fois tonique et &hellip; <\/p>\n<p class=\"link-more\"><a href=\"https:\/\/www.lmassage.fr\/index.php\/prestations\/prestations\/\" class=\"more-link\">Continuer la lecture<span class=\"screen-reader-text\"> de &laquo;&nbsp;Massage Energie&nbsp;&raquo;<\/span><\/a><\/p>\n","protected":false},"author":1,"featured_media":0,"parent":174,"menu_order":0,"comment_status":"closed","ping_status":"closed","template":"","meta":{"footnotes":""},"class_list":["post-78","page","type-page","status-publish","hentry"],"_links":{"self":[{"href":"https:\/\/www.lmassage.fr\/index.php\/wp-json\/wp\/v2\/pages\/78","targetHints":{"allow":["GET"]}}],"collection":[{"href":"https:\/\/www.lmassage.fr\/index.php\/wp-json\/wp\/v2\/pages"}],"about":[{"href":"https:\/\/www.lmassage.fr\/index.php\/wp-json\/wp\/v2\/types\/page"}],"author":[{"embeddable":true,"href":"https:\/\/www.lmassage.fr\/index.php\/wp-json\/wp\/v2\/users\/1"}],"replies":[{"embeddable":true,"href":"https:\/\/www.lmassage.fr\/index.php\/wp-json\/wp\/v2\/comments?post=78"}],"version-history":[{"count":49,"href":"https:\/\/www.lmassage.fr\/index.php\/wp-json\/wp\/v2\/pages\/78\/revisions"}],"predecessor-version":[{"id":541,"href":"https:\/\/www.lmassage.fr\/index.php\/wp-json\/wp\/v2\/pages\/78\/revisions\/541"}],"up":[{"embeddable":true,"href":"https:\/\/www.lmassage.fr\/index.php\/wp-json\/wp\/v2\/pages\/174"}],"wp:attachment":[{"href":"https:\/\/www.lmassage.fr\/index.php\/wp-json\/wp\/v2\/media?parent=78"}],"curies":[{"name":"wp","href":"https:\/\/api.w.org\/{rel}","templated":true}]}}