{"id":79,"date":"2021-09-23T17:34:27","date_gmt":"2021-09-23T15:34:27","guid":{"rendered":"http:\/\/yshhoiy.cluster031.hosting.ovh.net\/?page_id=79"},"modified":"2023-02-04T16:28:04","modified_gmt":"2023-02-04T15:28:04","slug":"tarifs","status":"publish","type":"page","link":"https:\/\/www.lmassage.fr\/index.php\/tarifs\/","title":{"rendered":"Tarifs"},"content":{"rendered":"\n<figure class=\"wp-block-image size-full is-resized is-style-rounded\"><img loading=\"lazy\" decoding=\"async\" src=\"https:\/\/www.lmassage.fr\/wp-content\/uploads\/2021\/09\/cropped-logo-final.png\" alt=\"\" class=\"wp-image-108\" width=\"225\" height=\"143\"\/><\/figure>\n\n\n\n<p>Afin d&rsquo;\u00eatre simple, et vraie, <em><strong>Lmassage <\/strong><\/em>propose une tarification au temps pass\u00e9.<\/p>\n\n\n\n<p>C&rsquo;est ce qui corresponds le mieux aux prestations propos\u00e9, le niveau d&rsquo;attention et d&rsquo;implication est le m\u00eame, il n&rsquo;y a que le temps pass\u00e9 qui diff\u00e8re.<\/p>\n\n\n\n<p><strong><em>Massages bien-\u00eatre *<\/em><\/strong><\/p>\n\n\n\n<p>30 minutes :  <strong>40 \u20ac<\/strong><\/p>\n\n\n\n<p>1 heure  : <strong>70 \u20ac<\/strong><\/p>\n\n\n\n<p> 1 heure 30 : <strong>100 \u20ac<\/strong> <\/p>\n\n\n\n<p><strong><em>Carte de Fid\u00e9lit\u00e9 : <\/em><\/strong>1 heure offerte pour 10 heures factur\u00e9es<\/p>\n\n\n\n<p>Toutes les prestations peuvent faire l&rsquo;objet d&rsquo;une facture sur demande .<\/p>\n\n\n\n<p>* massages \u00e0 but non th\u00e9rapeutique et non sexuel<\/p>\n","protected":false},"excerpt":{"rendered":"<p>Afin d&rsquo;\u00eatre simple, et vraie, Lmassage propose une tarification au temps pass\u00e9. C&rsquo;est ce qui corresponds le mieux aux prestations propos\u00e9, le niveau d&rsquo;attention et d&rsquo;implication est le m\u00eame, il n&rsquo;y a que le temps pass\u00e9 qui diff\u00e8re. Massages bien-\u00eatre * 30 minutes : 40 \u20ac 1 heure : 70 \u20ac 1 heure 30 : &hellip; <\/p>\n<p class=\"link-more\"><a href=\"https:\/\/www.lmassage.fr\/index.php\/tarifs\/\" class=\"more-link\">Continuer la lecture<span class=\"screen-reader-text\"> de &laquo;&nbsp;Tarifs&nbsp;&raquo;<\/span><\/a><\/p>\n","protected":false},"author":1,"featured_media":0,"parent":0,"menu_order":0,"comment_status":"closed","ping_status":"closed","template":"","meta":{"footnotes":""},"class_list":["post-79","page","type-page","status-publish","hentry"],"_links":{"self":[{"href":"https:\/\/www.lmassage.fr\/index.php\/wp-json\/wp\/v2\/pages\/79","targetHints":{"allow":["GET"]}}],"collection":[{"href":"https:\/\/www.lmassage.fr\/index.php\/wp-json\/wp\/v2\/pages"}],"about":[{"href":"https:\/\/www.lmassage.fr\/index.php\/wp-json\/wp\/v2\/types\/page"}],"author":[{"embeddable":true,"href":"https:\/\/www.lmassage.fr\/index.php\/wp-json\/wp\/v2\/users\/1"}],"replies":[{"embeddable":true,"href":"https:\/\/www.lmassage.fr\/index.php\/wp-json\/wp\/v2\/comments?post=79"}],"version-history":[{"count":7,"href":"https:\/\/www.lmassage.fr\/index.php\/wp-json\/wp\/v2\/pages\/79\/revisions"}],"predecessor-version":[{"id":538,"href":"https:\/\/www.lmassage.fr\/index.php\/wp-json\/wp\/v2\/pages\/79\/revisions\/538"}],"wp:attachment":[{"href":"https:\/\/www.lmassage.fr\/index.php\/wp-json\/wp\/v2\/media?parent=79"}],"curies":[{"name":"wp","href":"https:\/\/api.w.org\/{rel}","templated":true}]}}