{"id":80,"date":"2021-09-23T17:34:27","date_gmt":"2021-09-23T15:34:27","guid":{"rendered":"http:\/\/yshhoiy.cluster031.hosting.ovh.net\/?page_id=80"},"modified":"2023-02-04T16:30:22","modified_gmt":"2023-02-04T15:30:22","slug":"contact","status":"publish","type":"page","link":"https:\/\/www.lmassage.fr\/index.php\/contact\/","title":{"rendered":"Contact"},"content":{"rendered":"<div class=\"wp-block-image is-style-rounded\">\n<figure class=\"alignright size-full\"><img loading=\"lazy\" decoding=\"async\" width=\"744\" height=\"558\" src=\"https:\/\/www.lmassage.fr\/wp-content\/uploads\/2022\/02\/Cristelle-edited.jpg\" alt=\"\" class=\"wp-image-418\" srcset=\"https:\/\/www.lmassage.fr\/wp-content\/uploads\/2022\/02\/Cristelle-edited.jpg 744w, https:\/\/www.lmassage.fr\/wp-content\/uploads\/2022\/02\/Cristelle-edited-300x225.jpg 300w\" sizes=\"auto, (max-width: 706px) 89vw, (max-width: 767px) 82vw, 740px\" \/><\/figure>\n<\/div>\n\n\n<p><em><strong>Christelle Bonnet<\/strong><\/em><strong><em> EI<\/em><\/strong><\/p>\n\n\n\n<p>50 rue Ren\u00e9 La\u00ebnnec  33141 Villenave D&rsquo;Ornon<\/p>\n\n\n\n<p class=\"has-medium-font-size\">Portable  : <strong><em>06 20 25 23 49<\/em><\/strong><\/p>\n\n\n\n<p>M\u00e9l : <strong><em>contact@lmassage.fr<\/em><\/strong><\/p>\n\n\n\n<div class=\"wpcf7 no-js\" id=\"wpcf7-f200-o1\" lang=\"fr-FR\" dir=\"ltr\" data-wpcf7-id=\"200\">\n<div class=\"screen-reader-response\"><p role=\"status\" aria-live=\"polite\" aria-atomic=\"true\"><\/p> <ul><\/ul><\/div>\n<form action=\"\/index.php\/wp-json\/wp\/v2\/pages\/80#wpcf7-f200-o1\" method=\"post\" class=\"wpcf7-form init\" aria-label=\"Formulaire de contact\" novalidate=\"novalidate\" data-status=\"init\">\n<fieldset class=\"hidden-fields-container\"><input type=\"hidden\" name=\"_wpcf7\" value=\"200\" \/><input type=\"hidden\" name=\"_wpcf7_version\" value=\"6.1.5\" \/><input type=\"hidden\" name=\"_wpcf7_locale\" value=\"fr_FR\" \/><input type=\"hidden\" name=\"_wpcf7_unit_tag\" value=\"wpcf7-f200-o1\" \/><input type=\"hidden\" name=\"_wpcf7_container_post\" value=\"0\" \/><input type=\"hidden\" name=\"_wpcf7_posted_data_hash\" value=\"\" \/>\n<\/fieldset>\n<p><label> Votre nom<br \/>\n<span class=\"wpcf7-form-control-wrap\" data-name=\"your-name\"><input size=\"40\" maxlength=\"400\" class=\"wpcf7-form-control wpcf7-text wpcf7-validates-as-required\" aria-required=\"true\" aria-invalid=\"false\" value=\"\" type=\"text\" name=\"your-name\" \/><\/span> <\/label>\n<\/p>\n<p><label> Votre e-mail<br \/>\n<span class=\"wpcf7-form-control-wrap\" data-name=\"your-email\"><input size=\"40\" maxlength=\"400\" class=\"wpcf7-form-control wpcf7-email wpcf7-validates-as-required wpcf7-text wpcf7-validates-as-email\" aria-required=\"true\" aria-invalid=\"false\" value=\"\" type=\"email\" name=\"your-email\" \/><\/span> <\/label>\n<\/p>\n<p><label> Objet<br \/>\n<span class=\"wpcf7-form-control-wrap\" data-name=\"your-subject\"><input size=\"40\" maxlength=\"400\" class=\"wpcf7-form-control wpcf7-text wpcf7-validates-as-required\" aria-required=\"true\" aria-invalid=\"false\" value=\"\" type=\"text\" name=\"your-subject\" \/><\/span> <\/label>\n<\/p>\n<p><label> Votre message (facultatif)<br \/>\n<span class=\"wpcf7-form-control-wrap\" data-name=\"your-message\"><textarea cols=\"40\" rows=\"10\" maxlength=\"2000\" class=\"wpcf7-form-control wpcf7-textarea\" aria-invalid=\"false\" name=\"your-message\"><\/textarea><\/span> <\/label>\n<\/p>\n<p><input class=\"wpcf7-form-control wpcf7-submit has-spinner\" type=\"submit\" value=\"Envoyer\" \/>\n<\/p><div class=\"wpcf7-response-output\" aria-hidden=\"true\"><\/div>\n<\/form>\n<\/div>\n\n","protected":false},"excerpt":{"rendered":"<p>Christelle Bonnet EI 50 rue Ren\u00e9 La\u00ebnnec 33141 Villenave D&rsquo;Ornon Portable : 06 20 25 23 49 M\u00e9l : contact@lmassage.fr<\/p>\n","protected":false},"author":1,"featured_media":418,"parent":0,"menu_order":0,"comment_status":"closed","ping_status":"closed","template":"","meta":{"footnotes":""},"class_list":["post-80","page","type-page","status-publish","has-post-thumbnail","hentry"],"_links":{"self":[{"href":"https:\/\/www.lmassage.fr\/index.php\/wp-json\/wp\/v2\/pages\/80","targetHints":{"allow":["GET"]}}],"collection":[{"href":"https:\/\/www.lmassage.fr\/index.php\/wp-json\/wp\/v2\/pages"}],"about":[{"href":"https:\/\/www.lmassage.fr\/index.php\/wp-json\/wp\/v2\/types\/page"}],"author":[{"embeddable":true,"href":"https:\/\/www.lmassage.fr\/index.php\/wp-json\/wp\/v2\/users\/1"}],"replies":[{"embeddable":true,"href":"https:\/\/www.lmassage.fr\/index.php\/wp-json\/wp\/v2\/comments?post=80"}],"version-history":[{"count":16,"href":"https:\/\/www.lmassage.fr\/index.php\/wp-json\/wp\/v2\/pages\/80\/revisions"}],"predecessor-version":[{"id":539,"href":"https:\/\/www.lmassage.fr\/index.php\/wp-json\/wp\/v2\/pages\/80\/revisions\/539"}],"wp:featuredmedia":[{"embeddable":true,"href":"https:\/\/www.lmassage.fr\/index.php\/wp-json\/wp\/v2\/media\/418"}],"wp:attachment":[{"href":"https:\/\/www.lmassage.fr\/index.php\/wp-json\/wp\/v2\/media?parent=80"}],"curies":[{"name":"wp","href":"https:\/\/api.w.org\/{rel}","templated":true}]}}